{"id":38,"date":"2019-02-14T05:14:26","date_gmt":"2019-02-14T05:14:26","guid":{"rendered":"https:\/\/demo.hellowp.io\/4\/?page_id=105"},"modified":"2021-11-18T15:53:12","modified_gmt":"2021-11-18T15:53:12","slug":"impresszum","status":"publish","type":"page","link":"https:\/\/alsopahokiminibolcsode.hu\/?page_id=38","title":{"rendered":"Impresszum"},"content":{"rendered":"<p>[et_pb_section fb_built=&#8221;1&#8243; _builder_version=&#8221;4.6.6&#8243; _module_preset=&#8221;default&#8221;][et_pb_row _builder_version=&#8221;4.6.6&#8243; _module_preset=&#8221;default&#8221;][et_pb_column _builder_version=&#8221;4.6.6&#8243; _module_preset=&#8221;default&#8221; type=&#8221;4_4&#8243;][et_pb_text _builder_version=&#8221;4.6.6&#8243; _module_preset=&#8221;default&#8221; hover_enabled=&#8221;0&#8243; sticky_enabled=&#8221;0&#8243;]<\/p>\n<p><span style=\"font-weight: 400;\">Als\u00f3p\u00e1hoki Mini B\u00f6lcs\u0151de<br \/><\/span><\/p>\n<p><b>C\u00edm:<\/b><span style=\"font-weight: 400;\"> 8394 Als\u00f3p\u00e1hok, F\u0151 utca 41.<br \/><\/span><\/p>\n<p><b>Telefon:<\/b><span style=\"font-weight: 400;\"> 06 30 0993 960<br \/><\/span><\/p>\n<p><b>E-mail:<\/b><span style=\"font-weight: 400;\"> bolcsode@alsopahok.hu<\/span><\/p>\n<p><b>Internet:<\/b><span style=\"font-weight: 400;\"> alsopahokiminibolcsode.hu<\/span><\/p>\n<p><b>Ad\u00f3sz\u00e1m: <\/b><span style=\"font-weight: 400;\">15846750-1-20<\/span><\/p>\n<p><b>T\u00e1rhelyszolg\u00e1ltat\u00f3:<\/b><span style=\"font-weight: 400;\"> Rachost Zrt., 6722 Szeged, Tisza Lajos k\u00f6r\u00fat 41., <span><a href=\"mailto:info@rackhost.hu\">info@rackhost.hu<\/a><\/span>, Tel: +36 1 445 1200, Fax: +36 1 445 1201 <br \/> adatv\u00e9delmi nyilatkozat link: https:\/\/www.rackhost.hu\/privacy-policy<br \/><\/span><\/p>\n<p>.<\/p>\n<p>[\/et_pb_text][\/et_pb_column][\/et_pb_row][\/et_pb_section]<\/p>\n","protected":false},"excerpt":{"rendered":"<p>[et_pb_section fb_built=&#8221;1&#8243; _builder_version=&#8221;4.6.6&#8243; _module_preset=&#8221;default&#8221;][et_pb_row _builder_version=&#8221;4.6.6&#8243; _module_preset=&#8221;default&#8221;][et_pb_column _builder_version=&#8221;4.6.6&#8243; _module_preset=&#8221;default&#8221; type=&#8221;4_4&#8243;][et_pb_text _builder_version=&#8221;4.6.6&#8243; _module_preset=&#8221;default&#8221; hover_enabled=&#8221;0&#8243; sticky_enabled=&#8221;0&#8243;] Als\u00f3p\u00e1hoki Mini B\u00f6lcs\u0151de C\u00edm: 8394 Als\u00f3p\u00e1hok, F\u0151 utca 41. Telefon: 06 30 0993 960 E-mail: bolcsode@alsopahok.hu Internet: alsopahokiminibolcsode.hu Ad\u00f3sz\u00e1m: 15846750-1-20 T\u00e1rhelyszolg\u00e1ltat\u00f3: Rachost Zrt., 6722 Szeged, Tisza Lajos k\u00f6r\u00fat 41., info@rackhost.hu, Tel: +36 1 445 1200, Fax: +36 1 445 1201 adatv\u00e9delmi nyilatkozat [&hellip;]<\/p>\n","protected":false},"author":1,"featured_media":0,"parent":0,"menu_order":0,"comment_status":"closed","ping_status":"closed","template":"","meta":{"_et_pb_use_builder":"on","_et_pb_old_content":"","_et_gb_content_width":"","footnotes":""},"class_list":["post-38","page","type-page","status-publish","hentry"],"_links":{"self":[{"href":"https:\/\/alsopahokiminibolcsode.hu\/index.php?rest_route=\/wp\/v2\/pages\/38","targetHints":{"allow":["GET"]}}],"collection":[{"href":"https:\/\/alsopahokiminibolcsode.hu\/index.php?rest_route=\/wp\/v2\/pages"}],"about":[{"href":"https:\/\/alsopahokiminibolcsode.hu\/index.php?rest_route=\/wp\/v2\/types\/page"}],"author":[{"embeddable":true,"href":"https:\/\/alsopahokiminibolcsode.hu\/index.php?rest_route=\/wp\/v2\/users\/1"}],"replies":[{"embeddable":true,"href":"https:\/\/alsopahokiminibolcsode.hu\/index.php?rest_route=%2Fwp%2Fv2%2Fcomments&post=38"}],"version-history":[{"count":4,"href":"https:\/\/alsopahokiminibolcsode.hu\/index.php?rest_route=\/wp\/v2\/pages\/38\/revisions"}],"predecessor-version":[{"id":155,"href":"https:\/\/alsopahokiminibolcsode.hu\/index.php?rest_route=\/wp\/v2\/pages\/38\/revisions\/155"}],"wp:attachment":[{"href":"https:\/\/alsopahokiminibolcsode.hu\/index.php?rest_route=%2Fwp%2Fv2%2Fmedia&parent=38"}],"curies":[{"name":"wp","href":"https:\/\/api.w.org\/{rel}","templated":true}]}}